{"id":2190,"date":"2018-06-28T12:10:16","date_gmt":"2018-06-28T11:10:16","guid":{"rendered":"http:\/\/inrameknes.info\/?page_id=2190"},"modified":"2025-09-09T18:14:57","modified_gmt":"2025-09-09T17:14:57","slug":"les-doctorantes-stagiaires-au-crra-meknes","status":"publish","type":"page","link":"https:\/\/inrameknes.info\/?page_id=2190","title":{"rendered":"Les doctorantEs du CRRA Mekn\u00e8s"},"content":{"rendered":"<div class=\"wp-block-image\">\n<figure class=\"aligncenter\"><a href=\"http:\/\/inrameknes.info\/wp-content\/uploads\/2018\/06\/logo-inra-r\u00e9duitl.jpg\"><img loading=\"lazy\" decoding=\"async\" width=\"229\" height=\"200\" src=\"http:\/\/inrameknes.info\/wp-content\/uploads\/2018\/06\/logo-inra-r\u00e9duitl.jpg\" alt=\"logo inra (1)\" class=\"wp-image-3309\"\/><\/a><\/figure><\/div>\n\n\n<p>Liste des \u00e9tudiantEs inscritEs en \u00e9tudes doctorales dans diff\u00e9rentes universit\u00e9s et grandes \u00e9coles et r\u00e9alisant leurs recherches au sein des Unit\u00e9s de Recherche du CRRA Mekn\u00e8s :<\/p>\n\n\n<div class=\"wp-block-image\">\n<figure class=\"alignright\"><a href=\"http:\/\/inrameknes.info\/wp-content\/uploads\/2018\/06\/Logo-FS-Mekn\u00e8s.jpg\"><img loading=\"lazy\" decoding=\"async\" width=\"150\" height=\"56\" src=\"http:\/\/inrameknes.info\/wp-content\/uploads\/2018\/06\/Logo-FS-Mekn\u00e8s-e1613642134175-150x56.jpg\" alt=\"Logo FS Mekn\u00e8s\" class=\"wp-image-3314\"\/><\/a><\/figure><\/div>\n\n<div class=\"wp-block-image\">\n<figure class=\"alignright\"><a href=\"http:\/\/inrameknes.info\/wp-content\/uploads\/2018\/06\/Logo-FST-Beni-Mellal.jpg\"><img loading=\"lazy\" decoding=\"async\" width=\"150\" height=\"150\" src=\"http:\/\/inrameknes.info\/wp-content\/uploads\/2018\/06\/Logo-FST-Beni-Mellal-150x150.jpg\" alt=\"Logo FST Beni Mellal\" class=\"wp-image-3311\" srcset=\"https:\/\/inrameknes.info\/wp-content\/uploads\/2018\/06\/Logo-FST-Beni-Mellal-150x150.jpg 150w, https:\/\/inrameknes.info\/wp-content\/uploads\/2018\/06\/Logo-FST-Beni-Mellal.jpg 224w\" sizes=\"auto, (max-width: 150px) 100vw, 150px\" \/><\/a><\/figure><\/div>\n\n<div class=\"wp-block-image\">\n<figure class=\"alignright\"><a href=\"http:\/\/inrameknes.info\/wp-content\/uploads\/2018\/06\/Logo-FS-Rabat.jpg\"><img loading=\"lazy\" decoding=\"async\" width=\"150\" height=\"150\" src=\"http:\/\/inrameknes.info\/wp-content\/uploads\/2018\/06\/Logo-FS-Rabat-150x150.jpg\" alt=\"Logo FS Rabat\" class=\"wp-image-3343\" srcset=\"https:\/\/inrameknes.info\/wp-content\/uploads\/2018\/06\/Logo-FS-Rabat-150x150.jpg 150w, https:\/\/inrameknes.info\/wp-content\/uploads\/2018\/06\/Logo-FS-Rabat.jpg 225w\" sizes=\"auto, (max-width: 150px) 100vw, 150px\" \/><\/a><\/figure><\/div>\n\n<div class=\"wp-block-image\">\n<figure class=\"alignright\"><a href=\"http:\/\/inrameknes.info\/wp-content\/uploads\/2018\/06\/FS-K\u00e9nitra-e1613642025668.jpg\"><img loading=\"lazy\" decoding=\"async\" width=\"150\" height=\"46\" src=\"http:\/\/inrameknes.info\/wp-content\/uploads\/2018\/06\/FS-K\u00e9nitra-e1613642086832-150x46.jpg\" alt=\"FS K\u00e9nitra\" class=\"wp-image-3312\"\/><\/a><\/figure><\/div>\n\n<div class=\"wp-block-image\">\n<figure class=\"alignright\"><a href=\"http:\/\/inrameknes.info\/wp-content\/uploads\/2018\/06\/FST-Fes.jpg\"><img loading=\"lazy\" decoding=\"async\" width=\"117\" height=\"150\" src=\"http:\/\/inrameknes.info\/wp-content\/uploads\/2018\/06\/FST-Fes-e1613642312317-117x150.jpg\" alt=\"FST Fes\" class=\"wp-image-3317\"\/><\/a><\/figure><\/div>\n\n\n<p><\/p>\n\n\n\n<p>&#8212;&#8212;&#8212;&#8212;&#8212;&#8212;&#8212;&#8212;&#8212;&#8212;&#8212;&#8212;&#8212;-<\/p>\n\n\n\n<p><\/p>\n\n\n\n<p><\/p>\n\n\n\n<p>&#8211;&nbsp;<a href=\"http:\/\/inrameknes.info\/wp-content\/uploads\/2014\/04\/Ibtissam-Guirrou.pdf\" target=\"_blank\" rel=\"noopener\">Ibtissam Guirrou<\/a>&nbsp;(<a href=\"http:\/\/inrameknes.info\/?page_id=151\" target=\"_blank\" rel=\"noopener\">URAPCRG<\/a> CRRA Mekn\u00e8s et&nbsp;<a href=\"https:\/\/www.fs-umi.ac.ma\/\" target=\"_blank\" rel=\"noopener\">FS Mekn\u00e8s<\/a>).<\/p>\n\n\n\n<p>&#8211; <a href=\"http:\/\/inrameknes.info\/wp-content\/uploads\/2022\/01\/Ghita-Ajana.pdf\">Ghita Ajana<\/a>&nbsp;(<a href=\"https:\/\/inrameknes.info\/?page_id=149\" target=\"_blank\" rel=\"noopener\">URAPV<\/a> CRRA Mekn\u00e8s \/ <a href=\"https:\/\/fst-usmba.ac.ma\/\" target=\"_blank\" rel=\"noopener\">FST F\u00e8s<\/a>).<\/p>\n\n\n\n<p>&#8211;&nbsp;<a href=\"http:\/\/inrameknes.info\/wp-content\/uploads\/2014\/04\/Siham-Wakib3.pdf\">Siham Wakib<\/a>&nbsp;(<a href=\"http:\/\/inrameknes.info\/?page_id=151\" target=\"_blank\" rel=\"noopener\">URAPCRG<\/a>&nbsp;CRRA Mekn\u00e8s et <a href=\"http:\/\/www.fstg-marrakech.ac.ma\/FST\/\" target=\"_blank\" rel=\"noopener\">FST Marrakech<\/a>)<\/p>\n\n\n<div class=\"wp-block-image\">\n<figure class=\"alignright\"><a href=\"http:\/\/inrameknes.info\/wp-content\/uploads\/2018\/06\/Logo-FST-Marrakech.jpg\"><img loading=\"lazy\" decoding=\"async\" width=\"150\" height=\"55\" src=\"http:\/\/inrameknes.info\/wp-content\/uploads\/2018\/06\/Logo-FST-Marrakech-e1650367937386-150x55.jpg\" alt=\"Logo FST Marrakech\" class=\"wp-image-3921\"\/><\/a><\/figure><\/div>\n\n\n<p>&#8211;&nbsp;<a href=\"http:\/\/inrameknes.info\/wp-content\/uploads\/2018\/06\/Dina-Akroute.pdf\" target=\"_blank\" rel=\"noopener\">Dina Akroute<\/a>&nbsp;(<a style=\"color: #ff4b33;\" href=\"http:\/\/inrameknes.info\/?page_id=145\" target=\"_blank\" rel=\"noopener\">URPP<\/a>&nbsp;CRRA Mekn\u00e8s \/&nbsp;<a href=\"https:\/\/fs.uit.ac.ma\/\">&nbsp;FS Kenitra<\/a>).<\/p>\n\n\n\n<p>&#8211;&nbsp;<a href=\"http:\/\/inrameknes.info\/wp-content\/uploads\/2018\/06\/Laila-Ouardi.pdf\" target=\"_blank\" rel=\"noopener\">Laila Ouardi<\/a>&nbsp;(<a href=\"http:\/\/inrameknes.info\/?page_id=151\" target=\"_blank\" rel=\"noopener\">URAPCRG<\/a>&nbsp;CRRA Mekn\u00e8s \/&nbsp;<a href=\"https:\/\/fstbm.ac.ma\/accueil\" target=\"_blank\" rel=\"noopener\">FST Beni Mellal<\/a>).<\/p>\n\n\n<div class=\"wp-block-image\">\n<figure class=\"alignright\"><a href=\"http:\/\/inrameknes.info\/wp-content\/uploads\/2018\/06\/Logo-IAV-Hassan-II.jpg\"><img loading=\"lazy\" decoding=\"async\" width=\"150\" height=\"150\" src=\"http:\/\/inrameknes.info\/wp-content\/uploads\/2018\/06\/Logo-IAV-Hassan-II-150x150.jpg\" alt=\"Logo IAV Hassan II\" class=\"wp-image-3316\"\/><\/a><\/figure><\/div>\n\n\n<p>&#8211;&nbsp;<a href=\"http:\/\/inrameknes.info\/wp-content\/uploads\/2014\/04\/Fai\u00e7al-Aoujil.pdf\" target=\"_blank\" rel=\"noopener\">Fai\u00e7al Aoujil<\/a>&nbsp;(<a style=\"color: #ff4b33;\" href=\"http:\/\/inrameknes.info\/?page_id=145\" target=\"_blank\" rel=\"noopener\">URPP<\/a>&nbsp;CRRA Mekn\u00e8s \/&nbsp;&nbsp;<a href=\"https:\/\/www.fs-umi.ac.ma\/\" target=\"_blank\" rel=\"noopener\">FS Mekn\u00e8s<\/a>).<\/p>\n\n\n\n<p>&#8211;&nbsp;<a href=\"http:\/\/inrameknes.info\/wp-content\/uploads\/2014\/04\/Nizar-Battas.pdf\" target=\"_blank\" rel=\"noopener\">Nizar Battas<\/a>&nbsp;(<a style=\"color: #ff4b33;\" href=\"http:\/\/inrameknes.info\/?page_id=145\" target=\"_blank\" rel=\"noopener\">URPP<\/a>&nbsp;CRRA Mekn\u00e8s \/&nbsp;&nbsp;<a href=\"https:\/\/www.fs-umi.ac.ma\/\" target=\"_blank\" rel=\"noopener\">FS Mekn\u00e8s<\/a>).<\/p>\n\n\n\n<p>&#8211;&nbsp;<a href=\"http:\/\/inrameknes.info\/wp-content\/uploads\/2018\/06\/Fiche-de-pr\u00e9sentation-de-doctorante-Haoudi-Nouha.pdf\" target=\"_blank\" rel=\"noopener\">Haoudi Nouha<\/a>&nbsp;(<a href=\"https:\/\/inrameknes.info\/?page_id=149\" target=\"_blank\" rel=\"noopener\">URAPV<\/a>&nbsp;&amp;&nbsp;<a style=\"color: #ff4b33;\" href=\"http:\/\/inrameknes.info\/?page_id=147\" target=\"_blank\" rel=\"noopener\">URGRNSEQ<\/a> CRRA Mekn\u00e8s \/ <a href=\"http:\/\/www.fsdm.usmba.ac.ma\/\" target=\"_blank\" rel=\"noopener\">FS F\u00e8s<\/a>).<\/p>\n\n\n\n<p>&#8211;&nbsp;<a href=\"http:\/\/inrameknes.info\/wp-content\/uploads\/2018\/06\/Hassane-Boudad.pdf\">Hassane Boudad<\/a>&nbsp;(<a href=\"http:\/\/inrameknes.info\/?page_id=151\" target=\"_blank\" rel=\"noopener\">URAPCRG<\/a>&nbsp;CRRA Mekn\u00e8s \/&nbsp;<a href=\"https:\/\/fstbm.ac.ma\/accueil\" target=\"_blank\" rel=\"noopener\">FST Beni Mellal<\/a>).<\/p>\n\n\n<div class=\"wp-block-image\">\n<figure class=\"alignright\"><a href=\"http:\/\/inrameknes.info\/wp-content\/uploads\/2018\/06\/Logo-FLSH-UMI.jpg\"><img loading=\"lazy\" decoding=\"async\" width=\"150\" height=\"37\" src=\"http:\/\/inrameknes.info\/wp-content\/uploads\/2018\/06\/Logo-FLSH-UMI-e1679583053700-150x37.jpg\" alt=\"Logo FLSH UMI\" class=\"wp-image-4381\"\/><\/a><\/figure><\/div>\n\n\n<p>&#8211;&nbsp;<a href=\"http:\/\/inrameknes.info\/wp-content\/uploads\/2018\/06\/Othmane-Lamoumni.pdf\" target=\"_blank\" rel=\"noopener\">Othmane Lamoumni<\/a>&nbsp;(<a style=\"color: #ff4b33;\" href=\"http:\/\/inrameknes.info\/?page_id=151\" target=\"_blank\" rel=\"noopener\">URAPCRG<\/a>&nbsp;CRRA Mekn\u00e8s et&nbsp;<a href=\"http:\/\/www.fstg-marrakech.ac.ma\/FST\/\" target=\"_blank\" rel=\"noopener\">FST Marrakech<\/a>).<\/p>\n\n\n\n<p>&#8211;&nbsp;<a href=\"http:\/\/inrameknes.info\/wp-content\/uploads\/2018\/06\/Abdelghani-Bouchyoua.pdf\" target=\"_blank\" rel=\"noopener\">Abdelghani Bouchyoua<\/a>&nbsp;(<a style=\"color: #ff4b33;\" href=\"http:\/\/inrameknes.info\/?page_id=151\" target=\"_blank\" rel=\"noopener\">URAPCRG<\/a>&nbsp;\/ <a href=\"https:\/\/inrameknes.info\/?page_id=149\" target=\"_blank\" rel=\"noopener\">URAPV<\/a>&nbsp;CRRA Mekn\u00e8s et <a href=\"https:\/\/fpt.usmba.ac.ma\/new\/\" target=\"_blank\" rel=\"noopener\">UPD Taza<\/a>).<\/p>\n\n\n<div class=\"wp-block-image\">\n<figure class=\"alignright\"><a href=\"http:\/\/inrameknes.info\/wp-content\/uploads\/2018\/06\/Logo-EST-Kh\u00e9nifra1.jpg\"><img loading=\"lazy\" decoding=\"async\" width=\"150\" height=\"150\" src=\"http:\/\/inrameknes.info\/wp-content\/uploads\/2018\/06\/Logo-EST-Kh\u00e9nifra1-150x150.jpg\" alt=\"Logo EST Kh\u00e9nifra\" class=\"wp-image-4407\"\/><\/a><\/figure><\/div>\n\n\n<p>&#8211;&nbsp;<a href=\"http:\/\/inrameknes.info\/wp-content\/uploads\/2018\/06\/Noureddine-BAHRI.pdf\" target=\"_blank\" rel=\"noopener\">Noureddine BAHRI<\/a>&nbsp;(<a href=\"http:\/\/inrameknes.info\/?page_id=143\" target=\"_blank\" rel=\"noopener\">SRD <\/a>\/ <a href=\"https:\/\/www.flsh.umi.ac.ma\/\" target=\"_blank\" rel=\"noopener\">FLSH UMI Mekn\u00e8s<\/a>).<\/p>\n\n\n\n<p>&#8211;&nbsp;<a href=\"http:\/\/inrameknes.info\/wp-content\/uploads\/2018\/06\/Zahra-El-Kettabi.pdf\" target=\"_blank\" rel=\"noopener\">Zahra El Kettabi<\/a>&nbsp;(<a href=\"http:\/\/inrameknes.info\/?page_id=151\" target=\"_blank\" rel=\"noopener\">URAPCRG<\/a>&nbsp;CRRA Mekn\u00e8s \/&nbsp;<a href=\"https:\/\/fstbm.ac.ma\/accueil\" target=\"_blank\" rel=\"noopener\">FST Beni Mellal<\/a>).<\/p>\n\n\n\n<p>&#8211;&nbsp;<a href=\"http:\/\/inrameknes.info\/wp-content\/uploads\/2018\/06\/Sara-Najjari1.pdf\" target=\"_blank\" rel=\"noopener\">Sara Najjari<\/a>&nbsp;(<a href=\"http:\/\/inrameknes.info\/?page_id=151\" target=\"_blank\" rel=\"noopener\">URAPCRG<\/a>&nbsp;&#8211;&nbsp;<a style=\"color: #ff4b33;\" href=\"https:\/\/inrameknes.info\/?page_id=149\" target=\"_blank\" rel=\"noopener\">URAPV<\/a>&nbsp;CRRA Mekn\u00e8s \/ <a href=\"https:\/\/cfcusms.ma\/estk\/\" target=\"_blank\" rel=\"noopener\">EST Kh\u00e9nifra<\/a>).<\/p>\n\n\n<div class=\"wp-block-image\">\n<figure class=\"alignright\"><a href=\"http:\/\/inrameknes.info\/wp-content\/uploads\/2018\/06\/Logo.jpg\"><img loading=\"lazy\" decoding=\"async\" width=\"150\" height=\"77\" src=\"http:\/\/inrameknes.info\/wp-content\/uploads\/2018\/06\/Logo-e1681658767306-150x77.jpg\" alt=\"Logo\" class=\"wp-image-4416\"\/><\/a><\/figure><\/div>\n\n\n<p>&#8211;&nbsp;<a href=\"http:\/\/inrameknes.info\/wp-content\/uploads\/2018\/06\/Charaf-Ed-dine-KASSIMI.pdf\" target=\"_blank\" rel=\"noopener\">Charaf Ed-dine KASSIMI<\/a>&nbsp;(<a style=\"color: #ff4b33;\" href=\"http:\/\/inrameknes.info\/?page_id=147\" target=\"_blank\" rel=\"noopener\">URGRNSEQ<\/a>&nbsp;CRRA Mekn\u00e8s \/&nbsp;&nbsp;<a href=\"https:\/\/www.fs-umi.ac.ma\/\" target=\"_blank\" rel=\"noopener\">FS Mekn\u00e8s<\/a>).<\/p>\n\n\n\n<p>&#8211;&nbsp;<a href=\"http:\/\/inrameknes.info\/wp-content\/uploads\/2014\/04\/Hafid-Azzedine.pdf\" target=\"_blank\" rel=\"noopener\">Hafid Azzedine<\/a>&nbsp;&nbsp;(<a style=\"color: #ff4b33;\" href=\"http:\/\/inrameknes.info\/?page_id=151\" target=\"_blank\" rel=\"noopener\">URAPCRG<\/a>&nbsp;CRRA Mekn\u00e8s et <a href=\"https:\/\/www.fs.ucd.ac.ma\/\" target=\"_blank\" rel=\"noopener\">FS El Jadida<\/a>).<\/p>\n\n\n\n<p>&#8211; <a href=\"http:\/\/inrameknes.info\/wp-content\/uploads\/2023\/10\/Hiba-Yahyaoui-2.pdf\" target=\"_blank\" rel=\"noreferrer noopener\">Hiba Yahyaoui<\/a> (<a rel=\"noreferrer noopener\" href=\"http:\/\/inrameknes.info\/?page_id=145\" target=\"_blank\">URPP<\/a>&nbsp;CRRA Mekn\u00e8s \/&nbsp;&nbsp;<a rel=\"noreferrer noopener\" href=\"https:\/\/www.fs-umi.ac.ma\/\" target=\"_blank\">FS Mekn\u00e8s<\/a>).<\/p>\n\n\n<div class=\"wp-block-image\">\n<figure class=\"alignright size-full is-resized\"><a href=\"http:\/\/inrameknes.info\/wp-content\/uploads\/2024\/12\/logo-UM6P.jpg\"><img loading=\"lazy\" decoding=\"async\" width=\"494\" height=\"73\" src=\"http:\/\/inrameknes.info\/wp-content\/uploads\/2024\/12\/logo-UM6P.jpg\" alt=\"\" class=\"wp-image-5185\" style=\"aspect-ratio:6.767123287671233;width:183px;height:auto\" srcset=\"https:\/\/inrameknes.info\/wp-content\/uploads\/2024\/12\/logo-UM6P.jpg 494w, https:\/\/inrameknes.info\/wp-content\/uploads\/2024\/12\/logo-UM6P-300x44.jpg 300w\" sizes=\"auto, (max-width: 494px) 100vw, 494px\" \/><\/a><\/figure><\/div>\n\n\n<p>&#8211; <a rel=\"noreferrer noopener\" href=\"http:\/\/inrameknes.info\/wp-content\/uploads\/2024\/10\/Mohamed-El-Kadi.pdf\" target=\"_blank\">Mohamed El Kadi<\/a> (<a style=\"color: #ff4b33;\" rel=\"noopener\" href=\"http:\/\/inrameknes.info\/?page_id=151\" target=\"_blank\">URAPCRG<\/a>&nbsp;et <a style=\"color: #ff4b33;\" rel=\"noopener\" href=\"http:\/\/inrameknes.info\/?page_id=147\" target=\"_blank\">URGRNSEQ<\/a> CRRA Mekn\u00e8s \/ <a rel=\"noreferrer noopener\" href=\"https:\/\/www.fs-umi.ac.ma\/\" target=\"_blank\">FS Mekn\u00e8s<\/a>)<\/p>\n\n\n\n<p>&#8211; <a href=\"http:\/\/inrameknes.info\/wp-content\/uploads\/2024\/12\/NDIAYE-Pape-Alioune.pdf\" data-type=\"link\" data-id=\"http:\/\/inrameknes.info\/wp-content\/uploads\/2024\/12\/NDIAYE-Pape-Alioune.pdf\">Pape Alioune NDIYAE<\/a> (<a style=\"color: #ff4b33;\" href=\"https:\/\/inrameknes.info\/?page_id=149\" target=\"_blank\" rel=\"noopener\">URAPV<\/a>&nbsp;CRRA Mekn\u00e8s \/ UM6P <a href=\"https:\/\/www.um6p.ma\/en\/school-agriculture-fertilization-and-environmental-sciences\" data-type=\"link\" data-id=\"https:\/\/www.um6p.ma\/en\/school-agriculture-fertilization-and-environmental-sciences\">School of Agriculture, Fertilization and Environmental Sciences<\/a>).<\/p>\n\n\n<div class=\"wp-block-image\">\n<figure class=\"alignright\"><a href=\"http:\/\/inrameknes.info\/wp-content\/uploads\/2018\/06\/FST-Tanger.jpg\"><img loading=\"lazy\" decoding=\"async\" width=\"148\" height=\"150\" src=\"http:\/\/inrameknes.info\/wp-content\/uploads\/2018\/06\/FST-Tanger-148x150.jpg\" alt=\"FST Tanger\" class=\"wp-image-3315\"\/><\/a><\/figure><\/div>\n\n\n<p>&#8211; <a href=\"http:\/\/inrameknes.info\/wp-content\/uploads\/2024\/12\/Zineb-El-Forahi.pdf\" data-type=\"link\" data-id=\"http:\/\/inrameknes.info\/wp-content\/uploads\/2024\/12\/Zineb-El-Forahi.pdf\">Zineb El Forahi<\/a> (<a style=\"color: #ff4b33;\" rel=\"noopener\" href=\"http:\/\/inrameknes.info\/?page_id=151\" target=\"_blank\">URAPCRG<\/a>&nbsp;et \/ <a rel=\"noopener\" href=\"https:\/\/iav.ac.ma\/\" target=\"_blank\">IAV Hassan II<\/a>).<\/p>\n\n\n\n<p>&#8211; <a href=\"http:\/\/inrameknes.info\/wp-content\/uploads\/2025\/03\/Hicham-Aboumadane.pdf\">Hicham Aboumadane<\/a> (<a style=\"color: #ff4b33;\" href=\"https:\/\/inrameknes.info\/?page_id=149\" target=\"_blank\" rel=\"noopener\">URAPV<\/a>&nbsp;CRRA Mekn\u00e8s \/ <a href=\"http:\/\/www.fsdm.usmba.ac.ma\/\" target=\"_blank\" rel=\"noopener\">FS F\u00e8s<\/a>).<\/p>\n\n\n\n<p>&#8211; <a href=\"http:\/\/inrameknes.info\/wp-content\/uploads\/2025\/05\/Imane-Hormatallah.pdf\">Imane Hormatallah<\/a> (<a href=\"http:\/\/inrameknes.info\/?page_id=145\" target=\"_blank\" rel=\"noreferrer noopener\">URPP<\/a>\u00a0CRRA Mekn\u00e8s \/\u00a0\u00a0<a href=\"https:\/\/fst-usmba.ac.ma\/\">FST F\u00e8s<\/a>).<\/p>\n\n\n\n<p>&#8211; <a href=\"http:\/\/inrameknes.info\/wp-content\/uploads\/2025\/09\/Fatima-Zahra-MATALLAH.pdf\" data-type=\"link\" data-id=\"http:\/\/inrameknes.info\/wp-content\/uploads\/2025\/09\/Fatima-Zahra-MATALLAH.pdf\" target=\"_blank\" rel=\"noreferrer noopener\">Fatima Zahra Matallah<\/a> (<a style=\"color: #ff4b33;\" href=\"https:\/\/inrameknes.info\/?page_id=149\" target=\"_blank\" rel=\"noopener\">URAPV<\/a>\u00a0CRRA Mekn\u00e8s \/ <a href=\"https:\/\/www.iav.ac.ma\/\">IAV Hassan II Rabat<\/a>).<\/p>\n\n\n\n<p><\/p>\n","protected":false},"excerpt":{"rendered":"<p>Liste des \u00e9tudiantEs inscritEs en \u00e9tudes doctorales dans diff\u00e9rentes universit\u00e9s et grandes \u00e9coles et r\u00e9alisant leurs recherches au sein des Unit\u00e9s de Recherche du CRRA Mekn\u00e8s : &#8212;&#8212;&#8212;&#8212;&#8212;&#8212;&#8212;&#8212;&#8212;&#8212;&#8212;&#8212;&#8212;- &#8211;&nbsp;Ibtissam Guirrou&nbsp;(URAPCRG CRRA Mekn\u00e8s et&nbsp;FS Mekn\u00e8s). &#8211; Ghita Ajana&nbsp;(URAPV CRRA Mekn\u00e8s \/ &hellip; <a href=\"https:\/\/inrameknes.info\/?page_id=2190\">Continuer la lecture <span class=\"meta-nav\">&rarr;<\/span><\/a><\/p>\n","protected":false},"author":1,"featured_media":0,"parent":0,"menu_order":0,"comment_status":"closed","ping_status":"closed","template":"","meta":{"footnotes":""},"class_list":["post-2190","page","type-page","status-publish","hentry"],"_links":{"self":[{"href":"https:\/\/inrameknes.info\/index.php?rest_route=\/wp\/v2\/pages\/2190","targetHints":{"allow":["GET"]}}],"collection":[{"href":"https:\/\/inrameknes.info\/index.php?rest_route=\/wp\/v2\/pages"}],"about":[{"href":"https:\/\/inrameknes.info\/index.php?rest_route=\/wp\/v2\/types\/page"}],"author":[{"embeddable":true,"href":"https:\/\/inrameknes.info\/index.php?rest_route=\/wp\/v2\/users\/1"}],"replies":[{"embeddable":true,"href":"https:\/\/inrameknes.info\/index.php?rest_route=%2Fwp%2Fv2%2Fcomments&post=2190"}],"version-history":[{"count":122,"href":"https:\/\/inrameknes.info\/index.php?rest_route=\/wp\/v2\/pages\/2190\/revisions"}],"predecessor-version":[{"id":5546,"href":"https:\/\/inrameknes.info\/index.php?rest_route=\/wp\/v2\/pages\/2190\/revisions\/5546"}],"wp:attachment":[{"href":"https:\/\/inrameknes.info\/index.php?rest_route=%2Fwp%2Fv2%2Fmedia&parent=2190"}],"curies":[{"name":"wp","href":"https:\/\/api.w.org\/{rel}","templated":true}]}}