{"id":151,"date":"2014-04-21T22:01:39","date_gmt":"2014-04-21T21:01:39","guid":{"rendered":"http:\/\/inrameknes.info\/?page_id=151"},"modified":"2026-01-07T10:26:09","modified_gmt":"2026-01-07T09:26:09","slug":"unite-de-recherche-amelioration-des-plantes-et-conservation-des-ressources-phytogenetiques-urapcrg","status":"publish","type":"page","link":"https:\/\/inrameknes.info\/?page_id=151","title":{"rendered":"Unit\u00e9 de recherche Am\u00e9lioration des Plantes et Conservation des Ressources Phytog\u00e9n\u00e9tiques (URAPCRG)"},"content":{"rendered":"\n<h2 class=\"wp-block-heading\">Pr\u00e9sentation<\/h2>\n\n\n\n<p>Les recherches conduites au sein de l\u2019URAPCRG ciblent aussi bien les grandes cultures (c\u00e9r\u00e9ales, l\u00e9gumineuses alimentaires et cultures ol\u00e9agineuses) que l\u2019arboriculture fruiti\u00e8re (amandier, olivier, figuier, abricotier, caroubier, poirier et pommier) et s\u2019articulent autour de:<\/p>\n\n\n\n<ul class=\"wp-block-list\">\n<li>Caract\u00e9risation des ressources g\u00e9n\u00e9tiques locales et introduites et mise en collections conservatrices vivantes dans les domaines exp\u00e9rimentaux ou en chambres froides.<\/li>\n\n\n\n<li>Int\u00e9gration des outils biotechnologiques en am\u00e9lioration g\u00e9n\u00e9tique des plantes pour la cr\u00e9ation de mat\u00e9riel v\u00e9g\u00e9tal agronomique performant.<\/li>\n\n\n\n<li>Transfert des connaissances, du mat\u00e9riel v\u00e9g\u00e9tal et autres produits de recherches aupr\u00e8s des utilisateurs.<\/li>\n<\/ul>\n\n\n\n<h2 class=\"wp-block-heading\">Laboratoires de l&rsquo;URAPCRG<\/h2>\n\n\n\n<p>L\u2019UR Am\u00e9lioration de plantes et conservation des ressources phytog\u00e9n\u00e9tiques (URAPCRG) dispose des quatre laboratoires suivants&nbsp;:<\/p>\n\n\n\n<ul class=\"wp-block-list\">\n<li><strong>Le laboratoire de semences<\/strong> o\u00f9 se d\u00e9roulent, d&rsquo;une part,&nbsp;les mesures post-r\u00e9colte des cultures annuelles (c\u00e9r\u00e9ales et ol\u00e9agineux) et, d&rsquo;autre part, la s\u00e9lection et la pr\u00e9paration des \u00e9chantillons des semences pour les semis post\u00e9rieurs.<\/li>\n\n\n\n<li><strong>Le laboratoire de pomologie<\/strong> o\u00f9 se r\u00e9alisent les diff\u00e9rentes observations et mesures de fruits des arbres pris en charge dans les programmes d&rsquo;am\u00e9lioration au sein de l&rsquo;UR (olivier, figuier, amandier, etc.)<\/li>\n\n\n\n<li><strong>Le laboratoire du marquage mol\u00e9culaire<\/strong> a pour mission d\u2019appuyer les programmes d\u2019am\u00e9lioration g\u00e9n\u00e9tique conduites sur les esp\u00e8ces p\u00e9rennes\/annuelles d\u2019int\u00e9r\u00eat agronomique \u00e0 savoir&nbsp;: l\u2019olivier, Figuier, amandier, caroubier, grenadier, colza, etc. \u00e0 travers la caract\u00e9risation mol\u00e9culaire des ressources g\u00e9n\u00e9tiques locales et introduites&nbsp; pour leur conservation, <em>in-situ <\/em>et <em>ex-situ&nbsp;<\/em>et leur utilisation dans ces programmes.<\/li>\n\n\n\n<li><strong>Le laboratoire de culture in vitro<\/strong> a pour mission de surmonter les contraintes li\u00e9es \u00e0 la multiplication v\u00e9g\u00e9tative par&nbsp;voie traditionnelle (bouturage\/greffage) pour certaines esp\u00e8ces et cultivars obtenus par l\u2019INRA-Mekn\u00e8s comme le caroubier et les portes greffes hybrides p\u00eacher-amandier, par la mise en place des protocoles de multiplication conforme et rapide moyennant les techniques de bourgeonnement axillaire\/adventif et embryogen\u00e8se somatique.<\/li>\n<\/ul>\n\n\n\n<h2 class=\"wp-block-heading\">\u00c9quipe de recherche<\/h2>\n\n\n\n<p>L\u2019UR-APCRPG rassemble aujourd\u2019hui sept&nbsp;chercheurs et quatre techniciens de recherche :<\/p>\n\n\n\n<p><strong>Chercheurs et chercheuses :<\/strong><\/p>\n\n\n\n<ul class=\"wp-block-list\">\n<li><a href=\"http:\/\/www.researchgate.net\/profile\/Abdelghani_Nabloussi\" target=\"_blank\" rel=\"noopener\">Abdelghani NABLOUSSI <\/a>: Am\u00e9lioration g\u00e9n\u00e9tique des ol\u00e9agineux annuels, coordinateur de l\u2019UR.<\/li>\n\n\n\n<li><a href=\"https:\/\/www.researchgate.net\/profile\/Jamal_Charafi\" target=\"_blank\" rel=\"noopener\">Jamal CHARAFI<\/a> : Biotechnologie et am\u00e9lioration g\u00e9n\u00e9tique des arbres fruitiers.<\/li>\n\n\n\n<li><a href=\"https:\/\/www.researchgate.net\/profile\/Ahmed_El_Bakkali\" target=\"_blank\" rel=\"noopener\">Ahmed El BAKKALI<\/a> : Biotechnologie et am\u00e9lioration g\u00e9n\u00e9tique de l&rsquo;olivier.<\/li>\n\n\n\n<li>Oumaima Rachik : Am\u00e9lioration g\u00e9n\u00e9tique des c\u00e9r\u00e9ales.<\/li>\n<\/ul>\n\n\n\n<p><strong>Techniciens de recherche :<\/strong><\/p>\n\n\n\n<ul class=\"wp-block-list\">\n<li>Imane Ezhari.<\/li>\n<\/ul>\n\n\n\n<p><strong>Secr\u00e9tariat :<\/strong> Naima LAMAARAF.<\/p>\n\n\n\n<p><strong>Doctorant(e)s de l&rsquo;URAPCRG :<\/strong><\/p>\n\n\n\n<ul class=\"wp-block-list\">\n<li><a href=\"http:\/\/inrameknes.info\/wp-content\/uploads\/2014\/04\/Imane-Saghouri-Idrissi.pdf\" target=\"_blank\" rel=\"noopener\">Imane Saghouri Idrissi<\/a>.<\/li>\n\n\n\n<li><a href=\"http:\/\/inrameknes.info\/wp-content\/uploads\/2014\/04\/Nada-Benbassou.pdf\" target=\"_blank\" rel=\"noopener\">Nada Benbassou<\/a>.<\/li>\n\n\n\n<li><a rel=\"noopener\" href=\"http:\/\/inrameknes.info\/wp-content\/uploads\/2018\/06\/Anas-HAMDANI1.pdf\" target=\"_blank\">Anas Hamdani<\/a>.<\/li>\n\n\n\n<li><a rel=\"noopener\" href=\"http:\/\/inrameknes.info\/wp-content\/uploads\/2014\/04\/Ibtissam-Guirrou.pdf\" target=\"_blank\">Ibtissam Guirrou<\/a>.<\/li>\n\n\n\n<li><a href=\"http:\/\/inrameknes.info\/wp-content\/uploads\/2014\/04\/Siham-Wakib3.pdf\">Siham Wakib<\/a>.<\/li>\n\n\n\n<li><a href=\"http:\/\/inrameknes.info\/wp-content\/uploads\/2018\/06\/Laila-Ouardi.pdf\" target=\"_blank\" rel=\"noopener\">Laila Ouardi<\/a>.<\/li>\n\n\n\n<li><a href=\"http:\/\/inrameknes.info\/wp-content\/uploads\/2018\/06\/Hassane-Boudad.pdf\">Hassane Boudad<\/a>.<\/li>\n\n\n\n<li><a href=\"http:\/\/inrameknes.info\/wp-content\/uploads\/2018\/06\/Othmane-Lamoumni.pdf\" target=\"_blank\" rel=\"noopener\">Othmane Lamoumni<\/a>.<\/li>\n\n\n\n<li><a href=\"http:\/\/inrameknes.info\/wp-content\/uploads\/2018\/06\/Abdelghani-Bouchyoua.pdf\" target=\"_blank\" rel=\"noopener\">Abdelghani Bouchyoua<\/a>.<\/li>\n\n\n\n<li><a href=\"http:\/\/inrameknes.info\/wp-content\/uploads\/2018\/06\/Zahra-El-Kettabi.pdf\" target=\"_blank\" rel=\"noopener\">Zahra El Kettabi<\/a>.<\/li>\n\n\n\n<li><a href=\"http:\/\/inrameknes.info\/wp-content\/uploads\/2018\/06\/Sara-Najjari1.pdf\">Sara Najjari<\/a>.<\/li>\n\n\n\n<li><a href=\"http:\/\/inrameknes.info\/wp-content\/uploads\/2014\/04\/Hafid-Azzedine.pdf\">Hafid Azzedine<\/a>.<\/li>\n\n\n\n<li><a rel=\"noreferrer noopener\" href=\"http:\/\/inrameknes.info\/wp-content\/uploads\/2024\/10\/Mohamed-El-Kadi.pdf\" target=\"_blank\">Mohamed El Kadi<\/a><\/li>\n\n\n\n<li><a href=\"http:\/\/inrameknes.info\/wp-content\/uploads\/2024\/12\/Zineb-El-Forahi.pdf\" data-type=\"link\" data-id=\"http:\/\/inrameknes.info\/wp-content\/uploads\/2024\/12\/Zineb-El-Forahi.pdf\">Zineb El Forahi<\/a><\/li>\n<\/ul>\n\n\n\n<p><a title=\"Adresses e-Mail\" href=\"http:\/\/inrameknes.info\/?page_id=299&amp;preview=true\" target=\"_blank\" rel=\"noopener\">Mailing liste<\/a><\/p>\n","protected":false},"excerpt":{"rendered":"<p>Pr\u00e9sentation Les recherches conduites au sein de l\u2019URAPCRG ciblent aussi bien les grandes cultures (c\u00e9r\u00e9ales, l\u00e9gumineuses alimentaires et cultures ol\u00e9agineuses) que l\u2019arboriculture fruiti\u00e8re (amandier, olivier, figuier, abricotier, caroubier, poirier et pommier) et s\u2019articulent autour de: Laboratoires de l&rsquo;URAPCRG L\u2019UR Am\u00e9lioration &hellip; <a href=\"https:\/\/inrameknes.info\/?page_id=151\">Continuer la lecture <span class=\"meta-nav\">&rarr;<\/span><\/a><\/p>\n","protected":false},"author":1,"featured_media":0,"parent":0,"menu_order":0,"comment_status":"closed","ping_status":"open","template":"","meta":{"footnotes":""},"class_list":["post-151","page","type-page","status-publish","hentry"],"_links":{"self":[{"href":"https:\/\/inrameknes.info\/index.php?rest_route=\/wp\/v2\/pages\/151","targetHints":{"allow":["GET"]}}],"collection":[{"href":"https:\/\/inrameknes.info\/index.php?rest_route=\/wp\/v2\/pages"}],"about":[{"href":"https:\/\/inrameknes.info\/index.php?rest_route=\/wp\/v2\/types\/page"}],"author":[{"embeddable":true,"href":"https:\/\/inrameknes.info\/index.php?rest_route=\/wp\/v2\/users\/1"}],"replies":[{"embeddable":true,"href":"https:\/\/inrameknes.info\/index.php?rest_route=%2Fwp%2Fv2%2Fcomments&post=151"}],"version-history":[{"count":120,"href":"https:\/\/inrameknes.info\/index.php?rest_route=\/wp\/v2\/pages\/151\/revisions"}],"predecessor-version":[{"id":5696,"href":"https:\/\/inrameknes.info\/index.php?rest_route=\/wp\/v2\/pages\/151\/revisions\/5696"}],"wp:attachment":[{"href":"https:\/\/inrameknes.info\/index.php?rest_route=%2Fwp%2Fv2%2Fmedia&parent=151"}],"curies":[{"name":"wp","href":"https:\/\/api.w.org\/{rel}","templated":true}]}}