{"id":149,"date":"2014-04-21T22:01:14","date_gmt":"2014-04-21T21:01:14","guid":{"rendered":"http:\/\/inrameknes.info\/?page_id=149"},"modified":"2025-09-09T18:15:33","modified_gmt":"2025-09-09T17:15:33","slug":"unite-de-recherche-agronomie-et-physiologie-vegetale-urapv","status":"publish","type":"page","link":"https:\/\/inrameknes.info\/?page_id=149","title":{"rendered":"Unit\u00e9 de recherche Agronomie et Physiologie V\u00e9g\u00e9tale (URAPV)"},"content":{"rendered":"\n<h2 class=\"wp-block-heading\">Axes de Recherches<\/h2>\n\n\n\n<p>Les travaux effectu\u00e9s \u00e0 l\u2019URAPV r\u00e9pondent \u00e0 une recherche de la pr\u00e9servation des ressources naturelles couvrant l\u2019am\u00e9lioration des techniques culturales pour l\u2019optimisation des rendements et de la qualit\u00e9 des cultures annuelles et p\u00e9rennes ainsi que la r\u00e9duction des intrants.<br>\nLes recherches sont ax\u00e9s autour de :<\/p>\n\n\n\n<ul class=\"wp-block-list\">\n<li>L\u2019efficience de l\u2019utilisation des \u00e9l\u00e9ments min\u00e9raux et\/ou de l\u2019eau sur diverses esp\u00e8ces.<\/li>\n\n\n\n<li>La pr\u00e9servation des sols pour une agriculture durable \u00e0 travers l\u2019\u00e9tude de diverses pratiques culturales : travail du sol, rotation, cultures intercalaires\u2026<\/li>\n\n\n\n<li>La collecte et l\u2019\u00e9tude du germoplasme nucicole en vue de la s\u00e9lection de g\u00e9notypes r\u00e9sistants \u00e0 la s\u00e9cheresse.<\/li>\n<\/ul>\n\n\n\n<h2 class=\"wp-block-heading\">Laboratoires de l&rsquo;URAPV<\/h2>\n\n\n\n<p>Les laboratoires de l&rsquo;URAPV sont des structures physiques organis\u00e9es pour effectuer des analyses d&rsquo;\u00e9chantillons de diff\u00e9rentes natures provenant d&rsquo;esp\u00e8ces&nbsp;annuelles et p\u00e9rennes. Parmi ces analyses, on peut citer 1) recherche de la vuln\u00e9rabilit\u00e9 \u00e0 la cavitation comme crit\u00e8re physiologique de s\u00e9lection pour la r\u00e9sistance \u00e0 la s\u00e9cheresse par utilisation des appareillages (Xyl&rsquo;EM, chambre \u00e0 collier, chambre \u00e0 pression)&nbsp;et 2)&nbsp;&nbsp;d\u00e9termination des composants mineurs et majeurs des huiles essentielles des plantes aromatiques et m\u00e9dicinales&nbsp;ainsi que la composition des acides gras des huiles des esp\u00e8ces annuelles et p\u00e9rennes par utilisation de la chromatographie en phase gazeuse.<\/p>\n\n\n\n<h2 class=\"wp-block-heading\">Equipe de recherche<\/h2>\n\n\n<div class=\"wp-block-image\">\n<figure class=\"alignright\"><a href=\"http:\/\/inrameknes.info\/wp-content\/uploads\/2014\/04\/2Arbre-URAPV-Reduit.jpg\"><img loading=\"lazy\" decoding=\"async\" width=\"212\" height=\"300\" src=\"http:\/\/inrameknes.info\/wp-content\/uploads\/2014\/04\/2Arbre-URAPV-Reduit-212x300.jpg\" alt=\"2Arbre URAPV-Reduit\" class=\"wp-image-3430\" srcset=\"https:\/\/inrameknes.info\/wp-content\/uploads\/2014\/04\/2Arbre-URAPV-Reduit-212x300.jpg 212w, https:\/\/inrameknes.info\/wp-content\/uploads\/2014\/04\/2Arbre-URAPV-Reduit-723x1024.jpg 723w, https:\/\/inrameknes.info\/wp-content\/uploads\/2014\/04\/2Arbre-URAPV-Reduit.jpg 1000w\" sizes=\"auto, (max-width: 212px) 100vw, 212px\" \/><\/a><\/figure><\/div>\n\n\n<p><strong>Chercheurs et chercheuses :<\/strong><\/p>\n\n\n\n<ul class=\"wp-block-list\">\n<li><a href=\"https:\/\/www.researchgate.net\/profile\/Khalid_Daoui2\" target=\"_blank\" rel=\"noopener\">Khalid Daoui<\/a>, agrophysiologie des l\u00e9gumineuses alimentaires.<\/li>\n\n\n\n<li><a rel=\"noopener\" href=\"https:\/\/www.researchgate.net\/profile\/Reda-Meziani\" target=\"_blank\">Reda Meziani<\/a>, Biotechnologie.<\/li>\n\n\n\n<li>Hicham Aboumadane, agrophysiologie.<\/li>\n<\/ul>\n\n\n\n<p><strong>Techniciens et techniciennes de recherche :<\/strong><\/p>\n\n\n\n<ul class=\"wp-block-list\">\n<li>Chems Doha Khalfi.<\/li>\n\n\n\n<li>El Houssain Bouichou.<\/li>\n<\/ul>\n\n\n\n<p><strong>DoctorantEs de l&rsquo;URAPV :<br>\n<\/strong><\/p>\n\n\n\n<ul class=\"wp-block-list\">\n<li><a href=\"http:\/\/inrameknes.info\/wp-content\/uploads\/2014\/04\/Imane-Saghouri-Idrissi.pdf\">Imane Saghouri Idrissi<\/a>.<\/li>\n\n\n\n<li><a href=\"http:\/\/inrameknes.info\/wp-content\/uploads\/2018\/06\/Anas-HAMDANI1.pdf\">Anas Hamdani<\/a>.<\/li>\n\n\n\n<li><a href=\"http:\/\/inrameknes.info\/wp-content\/uploads\/2014\/04\/Wafae-Sellami.pdf\" target=\"_blank\" rel=\"noopener\">Wafae Sellami<\/a>.<\/li>\n\n\n\n<li><a href=\"http:\/\/inrameknes.info\/wp-content\/uploads\/2014\/04\/Atman-ADIBA1.pdf\" target=\"_blank\" rel=\"noopener\">Atman Adiba<\/a>.<\/li>\n\n\n\n<li><a href=\"http:\/\/inrameknes.info\/wp-content\/uploads\/2022\/01\/Ghita-Ajana.pdf\">Ghita Ajana<\/a>.<\/li>\n\n\n\n<li><a href=\"http:\/\/inrameknes.info\/wp-content\/uploads\/2018\/06\/Fiche-de-pr\u00e9sentation-de-doctorante-Haoudi-Nouha.pdf\" target=\"_blank\" rel=\"noopener\">Nouha Haoudi<\/a>.<\/li>\n\n\n\n<li><a href=\"http:\/\/inrameknes.info\/wp-content\/uploads\/2018\/06\/Abdelghani-Bouchyoua.pdf\" target=\"_blank\" rel=\"noopener\">Abdelghani Bouchyoua<\/a>.<\/li>\n\n\n\n<li><a href=\"http:\/\/inrameknes.info\/wp-content\/uploads\/2018\/06\/Sara-Najjari1.pdf\">Sara Najjari<\/a>.<\/li>\n\n\n\n<li><a href=\"http:\/\/inrameknes.info\/wp-content\/uploads\/2024\/12\/NDIAYE-Pape-Alioune.pdf\" data-type=\"link\" data-id=\"http:\/\/inrameknes.info\/wp-content\/uploads\/2024\/12\/NDIAYE-Pape-Alioune.pdf\">Pape Alioune NDIYAE<\/a>.<\/li>\n\n\n\n<li><a href=\"http:\/\/inrameknes.info\/wp-content\/uploads\/2025\/03\/Hicham-Aboumadane.pdf\">Hicham Aboumadane<\/a>.<\/li>\n\n\n\n<li><a href=\"http:\/\/inrameknes.info\/wp-content\/uploads\/2025\/09\/Fatima-Zahra-MATALLAH.pdf\" data-type=\"link\" data-id=\"http:\/\/inrameknes.info\/wp-content\/uploads\/2025\/09\/Fatima-Zahra-MATALLAH.pdf\" target=\"_blank\" rel=\"noreferrer noopener\">Fatima Zahra Matallah<\/a>.<\/li>\n<\/ul>\n\n\n\n<p><a title=\"Adresses e-Mail\" href=\"http:\/\/inrameknes.info\/?page_id=299&amp;preview=true\" target=\"_blank\" rel=\"noopener\">Mailing liste<\/a><\/p>\n","protected":false},"excerpt":{"rendered":"<p>Axes de Recherches Les travaux effectu\u00e9s \u00e0 l\u2019URAPV r\u00e9pondent \u00e0 une recherche de la pr\u00e9servation des ressources naturelles couvrant l\u2019am\u00e9lioration des techniques culturales pour l\u2019optimisation des rendements et de la qualit\u00e9 des cultures annuelles et p\u00e9rennes ainsi que la r\u00e9duction &hellip; <a href=\"https:\/\/inrameknes.info\/?page_id=149\">Continuer la lecture <span class=\"meta-nav\">&rarr;<\/span><\/a><\/p>\n","protected":false},"author":1,"featured_media":0,"parent":0,"menu_order":0,"comment_status":"closed","ping_status":"open","template":"","meta":{"footnotes":""},"class_list":["post-149","page","type-page","status-publish","hentry"],"_links":{"self":[{"href":"https:\/\/inrameknes.info\/index.php?rest_route=\/wp\/v2\/pages\/149","targetHints":{"allow":["GET"]}}],"collection":[{"href":"https:\/\/inrameknes.info\/index.php?rest_route=\/wp\/v2\/pages"}],"about":[{"href":"https:\/\/inrameknes.info\/index.php?rest_route=\/wp\/v2\/types\/page"}],"author":[{"embeddable":true,"href":"https:\/\/inrameknes.info\/index.php?rest_route=\/wp\/v2\/users\/1"}],"replies":[{"embeddable":true,"href":"https:\/\/inrameknes.info\/index.php?rest_route=%2Fwp%2Fv2%2Fcomments&post=149"}],"version-history":[{"count":54,"href":"https:\/\/inrameknes.info\/index.php?rest_route=\/wp\/v2\/pages\/149\/revisions"}],"predecessor-version":[{"id":5547,"href":"https:\/\/inrameknes.info\/index.php?rest_route=\/wp\/v2\/pages\/149\/revisions\/5547"}],"wp:attachment":[{"href":"https:\/\/inrameknes.info\/index.php?rest_route=%2Fwp%2Fv2%2Fmedia&parent=149"}],"curies":[{"name":"wp","href":"https:\/\/api.w.org\/{rel}","templated":true}]}}