{"id":145,"date":"2014-04-21T22:00:18","date_gmt":"2014-04-21T21:00:18","guid":{"rendered":"http:\/\/inrameknes.info\/?page_id=145"},"modified":"2025-05-15T10:46:01","modified_gmt":"2025-05-15T09:46:01","slug":"unite-de-recherche-protection-des-plantes-urpp","status":"publish","type":"page","link":"https:\/\/inrameknes.info\/?page_id=145","title":{"rendered":"Unit\u00e9 de Recherche Protection des Plantes (URPP)"},"content":{"rendered":"\n<h2 class=\"wp-block-heading\">Axes de Recherches<\/h2>\n\n\n\n<p>Les travaux de recherche conduits au sein de l\u2019unit\u00e9 visent \u00e0 am\u00e9liorer la productivit\u00e9 et la qualit\u00e9 des cultures (mara\u00eechages, arboriculture, c\u00e9r\u00e9ales, l\u00e9gumineuses alimentaires, etc.) via la mise au point de solutions ad\u00e9quates pour lutter contre les ennemis des cultures. Les principaux axes de recherche poursuivis sont :<\/p>\n\n\n\n<ul class=\"wp-block-list\">\n<li>Protection int\u00e9gr\u00e9e des bl\u00e9s dans le Sais et Moyen Atlas contre les maladies fongiques et adventices.<\/li>\n\n\n\n<li>Protection int\u00e9gr\u00e9e de l&rsquo;arboriculture contre les maladies bact\u00e9riennes (le feu bact\u00e9rien des rosac\u00e9es fruiti\u00e8res \u00e0 p\u00e9pins, la tuberculose de l\u2019olivier, le crown gall de la vigne\u2026) et les insectes (carpocapse du pommier et capnode des rosac\u00e9es \u00e0 noyau).<\/li>\n<\/ul>\n\n\n\n<p>L\u2019URPP est en outre dot\u00e9e d\u2019outils performants de diagnostic rapide des maladies.<\/p>\n\n\n\n<h2 class=\"wp-block-heading\">Laboratoires de l&rsquo;URPP<\/h2>\n\n\n<div class=\"wp-block-image\">\n<figure class=\"alignright\"><a href=\"http:\/\/inrameknes.info\/wp-content\/uploads\/2014\/04\/Lab-Protection-plantes-1.jpg\"><img loading=\"lazy\" decoding=\"async\" width=\"300\" height=\"85\" src=\"http:\/\/inrameknes.info\/wp-content\/uploads\/2014\/04\/Lab-Protection-plantes-1-300x85.jpg\" alt=\"\" class=\"wp-image-2477\" srcset=\"https:\/\/inrameknes.info\/wp-content\/uploads\/2014\/04\/Lab-Protection-plantes-1-300x85.jpg 300w, https:\/\/inrameknes.info\/wp-content\/uploads\/2014\/04\/Lab-Protection-plantes-1.jpg 600w\" sizes=\"auto, (max-width: 300px) 100vw, 300px\" \/><\/a><\/figure><\/div>\n\n\n<p>Les principales activit\u00e9s des laboratoires de l\u2019URPP sont&nbsp;:<\/p>\n\n\n\n<ul class=\"wp-block-list\">\n<li>Analyse et identification des maladies bact\u00e9riennes, fongiques et d\u00e9termination des ravageurs.<\/li>\n\n\n\n<li>Caract\u00e9risation biochimique et <a href=\"http:\/\/inrameknes.info\/wp-content\/uploads\/2014\/04\/Lab-Protection-plantes-2.jpg\"><img loading=\"lazy\" decoding=\"async\" class=\"alignright size-medium wp-image-2478\" src=\"http:\/\/inrameknes.info\/wp-content\/uploads\/2014\/04\/Lab-Protection-plantes-2-300x122.jpg\" alt=\"\" width=\"300\" height=\"122\" srcset=\"https:\/\/inrameknes.info\/wp-content\/uploads\/2014\/04\/Lab-Protection-plantes-2-300x122.jpg 300w, https:\/\/inrameknes.info\/wp-content\/uploads\/2014\/04\/Lab-Protection-plantes-2.jpg 600w\" sizes=\"auto, (max-width: 300px) 100vw, 300px\" \/><\/a>mol\u00e9culaire (PCR conventionnelle et en temps r\u00e9el) des germes phytopathog\u00e8nes.<\/li>\n\n\n\n<li>Biodiversit\u00e9 de certains germes bact\u00e9riens.<\/li>\n\n\n\n<li>Production en masse de certains germes b\u00e9n\u00e9fiques pour la sant\u00e9 de la plante.<\/li>\n<\/ul>\n\n\n\n<h2 class=\"wp-block-heading\">\u00c9quipe de recherche<a href=\"http:\/\/inrameknes.info\/wp-content\/uploads\/2014\/04\/Lab-Protection-plantes-3.jpg\"><img loading=\"lazy\" decoding=\"async\" class=\"alignright size-medium wp-image-2479\" src=\"http:\/\/inrameknes.info\/wp-content\/uploads\/2014\/04\/Lab-Protection-plantes-3-242x300.jpg\" alt=\"\" width=\"242\" height=\"300\" srcset=\"https:\/\/inrameknes.info\/wp-content\/uploads\/2014\/04\/Lab-Protection-plantes-3-242x300.jpg 242w, https:\/\/inrameknes.info\/wp-content\/uploads\/2014\/04\/Lab-Protection-plantes-3.jpg 600w\" sizes=\"auto, (max-width: 242px) 100vw, 242px\" \/><\/a><\/h2>\n\n\n\n<p><strong>Les chercheurs et chercheuses :<\/strong><\/p>\n\n\n\n<ul class=\"wp-block-list\">\n<li><a rel=\"noopener\" href=\"https:\/\/ma.linkedin.com\/in\/iraqui-salma-a53a8424\" target=\"_blank\">Salma El Iraqui El Houssaini<\/a>, Chercheure entomologiste.<\/li>\n\n\n\n<li><a rel=\"noopener\" href=\"https:\/\/www.researchgate.net\/profile\/Khaoula_Habbadi\" target=\"_blank\">Khaoula Habbadi<\/a>, Chercheure en protection des arbres fruitiers<span style=\"display: inline !important; float: none; background-color: transparent; color: #444444; font-family: Georgia,'Bitstream Charter',serif; font-size: 16px; font-style: normal; font-variant: normal; font-weight: 400; letter-spacing: normal; line-height: 24px; orphans: 2; text-align: left; text-decoration: none; text-indent: 0px; text-transform: none; -webkit-text-stroke-width: 0px; white-space: normal; word-spacing: 0px;\">.<\/span><\/li>\n\n\n\n<li><a rel=\"noopener\" href=\"http:\/\/inrameknes.info\/?p=3244\" target=\"_blank\">Mariam El-Harsal<\/a>, Chercheur en protection des plantes.<\/li>\n\n\n\n<li><a rel=\"noopener\" href=\"https:\/\/www.researchgate.net\/profile\/Zineb-Belabess\" target=\"_blank\">Zineb Belabess<\/a>, Chercheure en Virologie V\u00e9g\u00e9tale.<\/li>\n\n\n\n<li><a href=\"https:\/\/www.linkedin.com\/in\/meriem-guartoumi-el-idrissi-141012190\/?originalSubdomain=ma\">Meriem Guartoumi El Idrissi<\/a>, Chercheure en protection des plantes.<\/li>\n<\/ul>\n\n\n\n<p><strong>Les techniciens de recherche :<\/strong><\/p>\n\n\n\n<ul class=\"wp-block-list\">\n<li>Abdellatif Benbouazza.<\/li>\n\n\n\n<li>Hafid Ibriz.<\/li>\n\n\n\n<li>Rokia El Yousfi.<\/li>\n<\/ul>\n\n\n\n<p><strong>DoctoranEs de l&rsquo;URPP :<\/strong><\/p>\n\n\n\n<ul class=\"wp-block-list\">\n<li><a rel=\"noopener\" href=\"http:\/\/inrameknes.info\/wp-content\/uploads\/2014\/04\/Kaoutar-El-HANDI.pdf\" target=\"_blank\">Kaoutar El Handi<\/a><\/li>\n\n\n\n<li><a href=\"http:\/\/inrameknes.info\/wp-content\/uploads\/2018\/06\/Dina-Akroute.pdf\">Dina Akroute<\/a><\/li>\n\n\n\n<li><a href=\"http:\/\/inrameknes.info\/wp-content\/uploads\/2014\/04\/Fai\u00e7al-Aoujil.pdf\" target=\"_blank\" rel=\"noopener\">Fai\u00e7al Aoujil<\/a><\/li>\n\n\n\n<li><a href=\"http:\/\/inrameknes.info\/wp-content\/uploads\/2014\/04\/Nizar-Battas.pdf\" target=\"_blank\" rel=\"noopener\">Nizar Battas<\/a><\/li>\n\n\n\n<li><a rel=\"noreferrer noopener\" href=\"http:\/\/inrameknes.info\/wp-content\/uploads\/2023\/10\/Hiba-Yahyaoui-2.pdf\" target=\"_blank\">Hiba Yahyaoui<\/a><\/li>\n\n\n\n<li><a href=\"http:\/\/inrameknes.info\/wp-content\/uploads\/2025\/05\/Imane-Hormatallah.pdf\">Imane Hormatallah<\/a><\/li>\n<\/ul>\n\n\n\n<p><a title=\"Adresses e-Mail\" href=\"http:\/\/inrameknes.info\/?page_id=299&amp;preview=true\" target=\"_blank\" rel=\"noopener\">Mailing liste<\/a><\/p>\n","protected":false},"excerpt":{"rendered":"<p>Axes de Recherches Les travaux de recherche conduits au sein de l\u2019unit\u00e9 visent \u00e0 am\u00e9liorer la productivit\u00e9 et la qualit\u00e9 des cultures (mara\u00eechages, arboriculture, c\u00e9r\u00e9ales, l\u00e9gumineuses alimentaires, etc.) via la mise au point de solutions ad\u00e9quates pour lutter contre les &hellip; <a href=\"https:\/\/inrameknes.info\/?page_id=145\">Continuer la lecture <span class=\"meta-nav\">&rarr;<\/span><\/a><\/p>\n","protected":false},"author":1,"featured_media":0,"parent":0,"menu_order":0,"comment_status":"closed","ping_status":"open","template":"","meta":{"footnotes":""},"class_list":["post-145","page","type-page","status-publish","hentry"],"_links":{"self":[{"href":"https:\/\/inrameknes.info\/index.php?rest_route=\/wp\/v2\/pages\/145","targetHints":{"allow":["GET"]}}],"collection":[{"href":"https:\/\/inrameknes.info\/index.php?rest_route=\/wp\/v2\/pages"}],"about":[{"href":"https:\/\/inrameknes.info\/index.php?rest_route=\/wp\/v2\/types\/page"}],"author":[{"embeddable":true,"href":"https:\/\/inrameknes.info\/index.php?rest_route=\/wp\/v2\/users\/1"}],"replies":[{"embeddable":true,"href":"https:\/\/inrameknes.info\/index.php?rest_route=%2Fwp%2Fv2%2Fcomments&post=145"}],"version-history":[{"count":40,"href":"https:\/\/inrameknes.info\/index.php?rest_route=\/wp\/v2\/pages\/145\/revisions"}],"predecessor-version":[{"id":5375,"href":"https:\/\/inrameknes.info\/index.php?rest_route=\/wp\/v2\/pages\/145\/revisions\/5375"}],"wp:attachment":[{"href":"https:\/\/inrameknes.info\/index.php?rest_route=%2Fwp%2Fv2%2Fmedia&parent=145"}],"curies":[{"name":"wp","href":"https:\/\/api.w.org\/{rel}","templated":true}]}}