{"id":2,"date":"2014-05-22T17:01:45","date_gmt":"2014-05-22T17:01:45","guid":{"rendered":"http:\/\/inrameknes.info\/en\/?page_id=2"},"modified":"2024-09-30T16:26:45","modified_gmt":"2024-09-30T16:26:45","slug":"sample-page","status":"publish","type":"page","link":"http:\/\/inrameknes.info\/en\/?page_id=2","title":{"rendered":"Regional Agricultural Research Center of Meknes : The scientific expertise in the service of the Regional Agricultural Development"},"content":{"rendered":"<div class=\"wp-block-image\">\n<figure class=\"alignright\"><a href=\"http:\/\/inrameknes.info\/wp-content\/uploads\/2014\/04\/crram.jpg\"><img decoding=\"async\" src=\"http:\/\/inrameknes.info\/wp-content\/uploads\/2014\/04\/crram-300x224.jpg\" alt=\"headquarters of the Regional Agricultural Research Center in Meknes\" class=\"wp-image-32\"\/><\/a><figcaption class=\"wp-element-caption\">headquarters of the Regional Agricultural Research Center in Meknes<\/figcaption><\/figure><\/div>\n\n\n<p>Le CRRA Mekn\u00e8s est une institution \u00e0 profond ancrage historique qui d\u00e9veloppe une strat\u00e9gie de recherche actualis\u00e9e pour la production de technologies, connaissances et m\u00e9thodes. Les recherches du centre accompagnent la mise en \u0153uvre des plans r\u00e9gionaux adopt\u00e9s dans le cadre du Plan Maroc Vert et en \u00e9troite collaboration avec le d\u00e9veloppement et la profession.<\/p>\n","protected":false},"excerpt":{"rendered":"<p>Le CRRA Mekn\u00e8s est une institution \u00e0 profond ancrage historique qui d\u00e9veloppe une strat\u00e9gie de recherche actualis\u00e9e pour la production de technologies, connaissances et m\u00e9thodes. Les recherches du centre accompagnent la mise en \u0153uvre des plans r\u00e9gionaux adopt\u00e9s dans le &hellip; <a href=\"http:\/\/inrameknes.info\/en\/?page_id=2\">Continue reading <span class=\"meta-nav\">&rarr;<\/span><\/a><\/p>\n","protected":false},"author":1,"featured_media":0,"parent":0,"menu_order":0,"comment_status":"closed","ping_status":"closed","template":"","meta":{"footnotes":""},"_links":{"self":[{"href":"http:\/\/inrameknes.info\/en\/index.php?rest_route=\/wp\/v2\/pages\/2"}],"collection":[{"href":"http:\/\/inrameknes.info\/en\/index.php?rest_route=\/wp\/v2\/pages"}],"about":[{"href":"http:\/\/inrameknes.info\/en\/index.php?rest_route=\/wp\/v2\/types\/page"}],"author":[{"embeddable":true,"href":"http:\/\/inrameknes.info\/en\/index.php?rest_route=\/wp\/v2\/users\/1"}],"replies":[{"embeddable":true,"href":"http:\/\/inrameknes.info\/en\/index.php?rest_route=%2Fwp%2Fv2%2Fcomments&post=2"}],"version-history":[{"count":4,"href":"http:\/\/inrameknes.info\/en\/index.php?rest_route=\/wp\/v2\/pages\/2\/revisions"}],"predecessor-version":[{"id":731,"href":"http:\/\/inrameknes.info\/en\/index.php?rest_route=\/wp\/v2\/pages\/2\/revisions\/731"}],"wp:attachment":[{"href":"http:\/\/inrameknes.info\/en\/index.php?rest_route=%2Fwp%2Fv2%2Fmedia&parent=2"}],"curies":[{"name":"wp","href":"https:\/\/api.w.org\/{rel}","templated":true}]}}